{"id":36,"date":"2024-11-29T22:44:22","date_gmt":"2024-11-29T22:44:22","guid":{"rendered":"http:\/\/madskaters.es\/?page_id=36"},"modified":"2026-02-17T23:41:48","modified_gmt":"2026-02-17T23:41:48","slug":"mdsk","status":"publish","type":"page","link":"https:\/\/madskaters.es\/","title":{"rendered":"MADNESS SKATERS"},"content":{"rendered":"<div class=\"wp-block-image\">\n<figure class=\"aligncenter size-full is-resized\"><a href=\"https:\/\/www.instagram.com\/madness_skaters_?igsh=MWw1MGV2aHdrc2wxZw%3D%3D&amp;utm_source=qr\"><img loading=\"lazy\" decoding=\"async\" width=\"638\" height=\"182\" src=\"https:\/\/madskaters.es\/wp-content\/uploads\/2025\/09\/logo_insta_tex-1.png\" alt=\"\" class=\"wp-image-281\" style=\"width:414px;height:auto\" srcset=\"https:\/\/madskaters.es\/wp-content\/uploads\/2025\/09\/logo_insta_tex-1.png 638w, https:\/\/madskaters.es\/wp-content\/uploads\/2025\/09\/logo_insta_tex-1-300x86.png 300w\" sizes=\"auto, (max-width: 638px) 100vw, 638px\" \/><\/a><\/figure>\n<\/div>\n\n\n<div class=\"wp-block-cover alignwide\"><span aria-hidden=\"true\" class=\"wp-block-cover__background has-accent-background-color has-background-dim-100 has-background-dim\"><\/span><div class=\"wp-block-cover__inner-container is-layout-flow wp-block-cover-is-layout-flow\">\n<div class=\"wp-block-group alignwide is-content-justification-center is-nowrap is-layout-flex wp-container-core-group-is-layout-e76a61a6 wp-block-group-is-layout-flex\">\n<div class=\"wp-block-group wp-container-content-d387280b is-vertical is-nowrap is-layout-flex wp-container-core-group-is-layout-567f5d10 wp-block-group-is-layout-flex\">\n<figure class=\"wp-block-gallery has-nested-images columns-default is-cropped wp-block-gallery-1 is-layout-flex wp-block-gallery-is-layout-flex\">\n<figure class=\"wp-block-image size-large\"><img loading=\"lazy\" decoding=\"async\" width=\"359\" height=\"400\" data-id=\"91\" src=\"https:\/\/madskaters.es\/wp-content\/uploads\/2024\/12\/cropped-luigi2.jpg\" alt=\"\" class=\"wp-image-91\" srcset=\"https:\/\/madskaters.es\/wp-content\/uploads\/2024\/12\/cropped-luigi2.jpg 359w, https:\/\/madskaters.es\/wp-content\/uploads\/2024\/12\/cropped-luigi2-269x300.jpg 269w, https:\/\/madskaters.es\/wp-content\/uploads\/2024\/12\/cropped-luigi2-278x310.jpg 278w\" sizes=\"auto, (max-width: 359px) 100vw, 359px\" \/><\/figure>\n<\/figure>\n\n\n\n<p class=\"has-text-align-left has-text-color has-small-font-size\" style=\"color:#e59937;font-style:normal;font-weight:400;letter-spacing:0px;line-height:1.7\">MADNESS SKATERS, Club de patinaje de velocidad, se crea en la Comunidad de Madrid en 2024, de la mano de Luis Pe\u00f1a, &#8216;Luigi&#8217;.<\/p>\n\n\n\n<p class=\"has-text-align-left has-text-color\" style=\"color:#e59937;font-size:18px;font-style:normal;font-weight:400;letter-spacing:0px;line-height:1.7\">Aborda todas las fases del patinaje acompa\u00f1ando a los \u00abskaters\u00bb en su evoluci\u00f3n personal y deportiva para conseguir sus m\u00e1ximos objetivos, desde las primeras etapas de iniciaci\u00f3n hasta la competici\u00f3n.<\/p>\n<\/div>\n<\/div>\n<\/div><\/div>\n\n\n\n<div class=\"wp-block-columns is-layout-flex wp-container-core-columns-is-layout-9d6595d7 wp-block-columns-is-layout-flex\">\n<div class=\"wp-block-column is-vertically-aligned-top is-layout-flow wp-block-column-is-layout-flow\"><div class=\"wp-block-image\">\n<figure class=\"aligncenter size-full\"><img loading=\"lazy\" decoding=\"async\" width=\"723\" height=\"891\" src=\"https:\/\/madskaters.es\/wp-content\/uploads\/2025\/11\/Luigi-1.png\" alt=\"\" class=\"wp-image-295\" srcset=\"https:\/\/madskaters.es\/wp-content\/uploads\/2025\/11\/Luigi-1.png 723w, https:\/\/madskaters.es\/wp-content\/uploads\/2025\/11\/Luigi-1-243x300.png 243w\" sizes=\"auto, (max-width: 723px) 100vw, 723px\" \/><\/figure>\n<\/div><\/div>\n<\/div>\n\n\n\n<div class=\"wp-block-columns is-layout-flex wp-container-core-columns-is-layout-9d6595d7 wp-block-columns-is-layout-flex\">\n<div class=\"wp-block-column is-layout-flow wp-block-column-is-layout-flow\">\n<div class=\"wp-block-group\"><div class=\"wp-block-group__inner-container is-layout-flow wp-block-group-is-layout-flow\">\n<h3 class=\"wp-block-heading alignwide has-text-align-center has-accent-color has-text-color has-link-color wp-elements-f5780504f03e2346a1c347ce550a0db2\">Patina con nosotros<\/h3>\n\n\n\n<div class=\"wp-block-cover\" style=\"min-height:512px;aspect-ratio:unset;\"><span aria-hidden=\"true\" class=\"wp-block-cover__background has-accent-background-color has-background-dim-100 has-background-dim\"><\/span><div class=\"wp-block-cover__inner-container is-layout-constrained wp-block-cover-is-layout-constrained\"><div class=\"wp-block-image\">\n<figure class=\"aligncenter size-full is-resized\"><img loading=\"lazy\" decoding=\"async\" width=\"2048\" height=\"2048\" src=\"https:\/\/madskaters.es\/wp-content\/uploads\/2025\/07\/LogoEspaldaNEGRO.png\" alt=\"Logo Madness Skaters\" class=\"wp-image-198\" style=\"width:306px;height:auto\" srcset=\"https:\/\/madskaters.es\/wp-content\/uploads\/2025\/07\/LogoEspaldaNEGRO.png 2048w, https:\/\/madskaters.es\/wp-content\/uploads\/2025\/07\/LogoEspaldaNEGRO-300x300.png 300w, https:\/\/madskaters.es\/wp-content\/uploads\/2025\/07\/LogoEspaldaNEGRO-1024x1024.png 1024w, https:\/\/madskaters.es\/wp-content\/uploads\/2025\/07\/LogoEspaldaNEGRO-150x150.png 150w, https:\/\/madskaters.es\/wp-content\/uploads\/2025\/07\/LogoEspaldaNEGRO-768x768.png 768w, https:\/\/madskaters.es\/wp-content\/uploads\/2025\/07\/LogoEspaldaNEGRO-1536x1536.png 1536w, https:\/\/madskaters.es\/wp-content\/uploads\/2025\/07\/LogoEspaldaNEGRO-1200x1200.png 1200w, https:\/\/madskaters.es\/wp-content\/uploads\/2025\/07\/LogoEspaldaNEGRO-1980x1980.png 1980w\" sizes=\"auto, (max-width: 2048px) 100vw, 2048px\" \/><\/figure>\n<\/div>\n\n\n<p class=\"has-text-align-left has-text-color has-small-font-size\" style=\"color:#e59937;font-style:normal;font-weight:400;letter-spacing:0px;line-height:1.7\">Puedes iniciarte en el patinaje o\/y perfeccionar con nosotros hasta llegar a participar en carreras al m\u00e1ximo nivel. Solo tienes que propon\u00e9rtelo y entrenar.<\/p>\n\n\n\n<p class=\"has-text-align-left has-text-color has-small-font-size\" style=\"color:#e59937;font-style:normal;font-weight:400;letter-spacing:0px;line-height:1.7\">Dispondr\u00e1s de un plan personalizado para cumplir tus objetivos. <\/p>\n<\/div><\/div>\n<\/div><\/div>\n<\/div>\n<\/div>\n\n\n<div class=\"wp-block-image\">\n<figure class=\"aligncenter size-full is-resized\"><img loading=\"lazy\" decoding=\"async\" width=\"720\" height=\"1040\" src=\"https:\/\/madskaters.es\/wp-content\/uploads\/2026\/02\/tarifasFEB_26-1.jpg\" alt=\"\" class=\"wp-image-301\" style=\"width:610px;height:auto\" srcset=\"https:\/\/madskaters.es\/wp-content\/uploads\/2026\/02\/tarifasFEB_26-1.jpg 720w, https:\/\/madskaters.es\/wp-content\/uploads\/2026\/02\/tarifasFEB_26-1-208x300.jpg 208w, https:\/\/madskaters.es\/wp-content\/uploads\/2026\/02\/tarifasFEB_26-1-709x1024.jpg 709w\" sizes=\"auto, (max-width: 720px) 100vw, 720px\" \/><\/figure>\n<\/div>\n\n\n<figure class=\"wp-block-image size-large\"><img loading=\"lazy\" decoding=\"async\" width=\"724\" height=\"1024\" src=\"https:\/\/madskaters.es\/wp-content\/uploads\/2025\/09\/Clases-de-patinaje-ninos_edit_1-pdf-724x1024.jpg\" alt=\"\" class=\"wp-image-254\"\/><\/figure>\n\n\n\n<figure class=\"wp-block-image size-large\"><img loading=\"lazy\" decoding=\"async\" width=\"724\" height=\"1024\" src=\"https:\/\/madskaters.es\/wp-content\/uploads\/2025\/09\/Clases-de-patinaje-ninos_edit_2-pdf-724x1024.jpg\" alt=\"\" class=\"wp-image-255\"\/><\/figure>\n\n\n\n<div class=\"wp-block-columns is-layout-flex wp-container-core-columns-is-layout-9d6595d7 wp-block-columns-is-layout-flex\">\n<div class=\"wp-block-column is-layout-flow wp-block-column-is-layout-flow\">\n<div class=\"wp-block-group\"><div class=\"wp-block-group__inner-container is-layout-flow wp-block-group-is-layout-flow\">\n<h3 class=\"wp-block-heading alignwide has-text-align-center has-accent-color has-text-color has-link-color wp-elements-4dc209ac75346e4ab0219d1453fda0cd\">D\u00f3nde entrenamos<\/h3>\n\n\n\n<div class=\"wp-block-cover\" style=\"min-height:512px;aspect-ratio:unset;\"><span aria-hidden=\"true\" class=\"wp-block-cover__background has-accent-background-color has-background-dim-100 has-background-dim\"><\/span><div class=\"wp-block-cover__inner-container is-layout-constrained wp-block-cover-is-layout-constrained\"><div class=\"wp-block-image\">\n<figure class=\"aligncenter size-full is-resized\"><img loading=\"lazy\" decoding=\"async\" width=\"371\" height=\"267\" src=\"https:\/\/madskaters.es\/wp-content\/uploads\/2025\/07\/equipo-con-traje.jpg\" alt=\"\" class=\"wp-image-203\" style=\"width:463px;height:auto\" srcset=\"https:\/\/madskaters.es\/wp-content\/uploads\/2025\/07\/equipo-con-traje.jpg 371w, https:\/\/madskaters.es\/wp-content\/uploads\/2025\/07\/equipo-con-traje-300x216.jpg 300w\" sizes=\"auto, (max-width: 371px) 100vw, 371px\" \/><\/figure>\n<\/div>\n\n\n<p class=\"has-text-align-left has-text-color has-small-font-size\" style=\"color:#e59937;font-style:normal;font-weight:400;letter-spacing:0px;line-height:1.7\">Actualmente entrenamos en Boadilla, Las Rozas y en Madrid (Moratalaz y Ca\u00f1averal), y ocasionalmene en otras zonas de la Comunidad de Madrid.<\/p>\n\n\n\n<p class=\"has-text-align-left has-text-color has-small-font-size\" style=\"color:#e59937;font-style:normal;font-weight:400;letter-spacing:0px;line-height:1.7\">Con los colores del Club participamos en carreras.<\/p>\n<\/div><\/div>\n<\/div><\/div>\n<\/div>\n<\/div>\n\n\n\n<figure class=\"wp-block-image alignwide size-large\"><img loading=\"lazy\" decoding=\"async\" width=\"1024\" height=\"645\" src=\"https:\/\/madskaters.es\/wp-content\/uploads\/2025\/11\/mad2025-1024x645.png\" alt=\"\" class=\"wp-image-296\" srcset=\"https:\/\/madskaters.es\/wp-content\/uploads\/2025\/11\/mad2025-1024x645.png 1024w, https:\/\/madskaters.es\/wp-content\/uploads\/2025\/11\/mad2025-300x189.png 300w, https:\/\/madskaters.es\/wp-content\/uploads\/2025\/11\/mad2025-768x484.png 768w, https:\/\/madskaters.es\/wp-content\/uploads\/2025\/11\/mad2025.png 1181w\" sizes=\"auto, (max-width: 1024px) 100vw, 1024px\" \/><\/figure>\n\n\n\n<div class=\"wp-block-columns alignwide is-layout-flex wp-container-core-columns-is-layout-9d6595d7 wp-block-columns-is-layout-flex\">\n<div class=\"wp-block-column is-layout-flow wp-block-column-is-layout-flow\">\n<div class=\"wp-block-group\"><div class=\"wp-block-group__inner-container is-layout-flow wp-block-group-is-layout-flow\">\n<h3 class=\"wp-block-heading alignwide has-text-align-center has-accent-color has-text-color has-link-color wp-elements-db9f8ae4f222d14b09e764d8329b9136\">Me apunto<\/h3>\n\n\n\n<div class=\"wp-block-cover\" style=\"min-height:394px;aspect-ratio:unset;\"><span aria-hidden=\"true\" class=\"wp-block-cover__background has-accent-background-color has-background-dim-100 has-background-dim\"><\/span><div class=\"wp-block-cover__inner-container is-layout-constrained wp-block-cover-is-layout-constrained\"><div class=\"wp-block-image\">\n<figure class=\"aligncenter size-full\"><img loading=\"lazy\" decoding=\"async\" width=\"564\" height=\"278\" src=\"https:\/\/madskaters.es\/wp-content\/uploads\/2025\/07\/2juntas.png\" alt=\"\" class=\"wp-image-211\" srcset=\"https:\/\/madskaters.es\/wp-content\/uploads\/2025\/07\/2juntas.png 564w, https:\/\/madskaters.es\/wp-content\/uploads\/2025\/07\/2juntas-300x148.png 300w\" sizes=\"auto, (max-width: 564px) 100vw, 564px\" \/><\/figure>\n<\/div>\n\n\n<p class=\"has-text-align-left has-text-color has-small-font-size\" style=\"color:#e59937;font-style:normal;font-weight:400;letter-spacing:0px;line-height:1.7\">Ni\u00f1os y ni\u00f1as, j\u00f3venes y adultos ya patinan en el Club. Para unirte solo contacta con nosotros,  te contamos y enseguida estar\u00e1s en el nivel y grupo que mejor se adec\u00fae a tus condiciones.<\/p>\n<\/div><\/div>\n<\/div><\/div>\n<\/div>\n\n\n\n<div class=\"wp-block-column is-layout-flow wp-block-column-is-layout-flow\">\n<div class=\"wp-block-group\"><div class=\"wp-block-group__inner-container is-layout-flow wp-block-group-is-layout-flow\">\n<h3 class=\"wp-block-heading alignwide has-text-align-center has-accent-color has-text-color has-link-color wp-elements-10293350b39d3265981bb4cb3673182e\">Clases en colegios<\/h3>\n\n\n\n<div class=\"wp-block-cover\" style=\"min-height:373px;aspect-ratio:unset;\"><span aria-hidden=\"true\" class=\"wp-block-cover__background has-accent-background-color has-background-dim-100 has-background-dim\"><\/span><div class=\"wp-block-cover__inner-container is-layout-constrained wp-block-cover-is-layout-constrained\"><div class=\"wp-block-image\">\n<figure class=\"aligncenter size-full is-resized\"><img loading=\"lazy\" decoding=\"async\" width=\"522\" height=\"766\" src=\"https:\/\/madskaters.es\/wp-content\/uploads\/2025\/07\/escuela.jpg\" alt=\"\" class=\"wp-image-212\" style=\"width:189px;height:auto\" srcset=\"https:\/\/madskaters.es\/wp-content\/uploads\/2025\/07\/escuela.jpg 522w, https:\/\/madskaters.es\/wp-content\/uploads\/2025\/07\/escuela-204x300.jpg 204w\" sizes=\"auto, (max-width: 522px) 100vw, 522px\" \/><\/figure>\n<\/div>\n\n\n<p class=\"has-text-align-left has-text-color has-small-font-size\" style=\"color:#e59937;font-style:normal;font-weight:400;letter-spacing:0px;line-height:1.7\">Impartimos actividades extraescolares en colegios y cursos intensivos de patinaje. Contacta con nosotros para establecer las condiciones que mejor se adec\u00faen a vuestro centro educativo y os enviaremos propuesta personalizada.<\/p>\n<\/div><\/div>\n<\/div><\/div>\n<\/div>\n<\/div>\n\n\n\n<div class=\"wp-block-group alignwide has-small-font-size\"><div class=\"wp-block-group__inner-container is-layout-flow wp-block-group-is-layout-flow\">\n<h2 class=\"wp-block-heading has-text-align-center has-accent-color has-text-color\">CONTACT0:<\/h2>\n\n\n\n<h2 class=\"wp-block-heading has-text-align-center has-accent-color has-text-color\">Luis Pe\u00f1a &#8216;Luigi&#8217; <\/h2>\n\n\n\n<h2 class=\"wp-block-heading has-text-align-center has-accent-color has-text-color\">660684421<\/h2>\n\n\n\n<h2 class=\"wp-block-heading has-text-align-center has-accent-color has-text-color has-large-font-size\">luispnoto@hotmail.com<\/h2>\n\n\n\n<h2 class=\"wp-block-heading has-text-align-center has-accent-color has-text-color\">Madness Skaters<\/h2>\n\n\n\n<h2 class=\"wp-block-heading has-text-align-center has-accent-color has-text-color\">Locos por el patinaje\u00a1\u00a1\u00a1<\/h2>\n<\/div><\/div>\n","protected":false},"excerpt":{"rendered":"<p>Patina con nosotros D\u00f3nde entrenamos Me apunto Clases en colegios CONTACT0: Luis Pe\u00f1a &#8216;Luigi&#8217; 660684421 luispnoto@hotmail.com Madness Skaters Locos por el patinaje\u00a1\u00a1\u00a1<\/p>\n","protected":false},"author":1,"featured_media":0,"parent":0,"menu_order":0,"comment_status":"closed","ping_status":"closed","template":"","meta":{"footnotes":""},"class_list":["post-36","page","type-page","status-publish","hentry"],"_links":{"self":[{"href":"https:\/\/madskaters.es\/index.php?rest_route=\/wp\/v2\/pages\/36","targetHints":{"allow":["GET"]}}],"collection":[{"href":"https:\/\/madskaters.es\/index.php?rest_route=\/wp\/v2\/pages"}],"about":[{"href":"https:\/\/madskaters.es\/index.php?rest_route=\/wp\/v2\/types\/page"}],"author":[{"embeddable":true,"href":"https:\/\/madskaters.es\/index.php?rest_route=\/wp\/v2\/users\/1"}],"replies":[{"embeddable":true,"href":"https:\/\/madskaters.es\/index.php?rest_route=%2Fwp%2Fv2%2Fcomments&post=36"}],"version-history":[{"count":72,"href":"https:\/\/madskaters.es\/index.php?rest_route=\/wp\/v2\/pages\/36\/revisions"}],"predecessor-version":[{"id":302,"href":"https:\/\/madskaters.es\/index.php?rest_route=\/wp\/v2\/pages\/36\/revisions\/302"}],"wp:attachment":[{"href":"https:\/\/madskaters.es\/index.php?rest_route=%2Fwp%2Fv2%2Fmedia&parent=36"}],"curies":[{"name":"wp","href":"https:\/\/api.w.org\/{rel}","templated":true}]}}